{"id":346,"date":"2024-01-31T11:33:43","date_gmt":"2024-01-31T11:33:43","guid":{"rendered":"https:\/\/krankengymnastik-kessler-quierschied-de.mws-dev.de\/?page_id=346"},"modified":"2024-09-20T09:26:30","modified_gmt":"2024-09-20T09:26:30","slug":"startseite","status":"publish","type":"page","link":"https:\/\/krankengymnastik-kessler-quierschied-de.mws-dev.de\/","title":{"rendered":"Startseite"},"content":{"rendered":"\n<div class=\"wp-block-group animated fadeIn duration1 eds-on-scroll has-global-padding is-layout-constrained wp-container-core-group-is-layout-301020a0 wp-block-group-is-layout-constrained\" style=\"padding-top:var(--wp--preset--spacing--50);padding-right:var(--wp--preset--spacing--50);padding-bottom:var(--wp--preset--spacing--50);padding-left:var(--wp--preset--spacing--50)\">\n<div class=\"wp-block-columns alignwide is-layout-flex wp-container-core-columns-is-layout-656f24fc wp-block-columns-is-layout-flex\" style=\"padding-top:0;padding-right:0;padding-bottom:0;padding-left:0\">\n<div class=\"wp-block-column is-layout-flow wp-block-column-is-layout-flow\" style=\"flex-basis:60%\">\n<h2 class=\"wp-block-heading has-text-align-left\" style=\"font-style:normal;font-weight:400\"><strong>Mehr Vitalit\u00e4t,<\/strong><br>mehr Lebensqualit\u00e4t!<\/h2>\n\n\n\n<hr class=\"wp-block-separator has-alpha-channel-opacity is-style-dots\"\/>\n\n\n\n<p>Ein zufriedenes Leben zu f\u00fchren, hei\u00dft vor allem: Ein Leben voller Beweglichkeit. <\/p>\n\n\n\n<p>Ziel ist hierbei immer die Wiederherstellung der k\u00f6rperlichen Funktionen auf der einen Seite und die Pr\u00e4vention auf der anderen Seite.<\/p>\n\n\n\n<p><a href=\"https:\/\/krankengymnastik-kessler-quierschied-de.mws-dev.de\/index.php\/kontakt\/\" data-type=\"page\" data-id=\"61\">JETZT TERMIN VEREINBAREN<\/a><\/p>\n<\/div>\n\n\n\n<div class=\"wp-block-column is-vertically-aligned-center is-layout-flow wp-block-column-is-layout-flow\">\n<figure class=\"wp-block-image aligncenter size-large\"><img loading=\"lazy\" decoding=\"async\" width=\"1024\" height=\"1024\" src=\"https:\/\/krankengymnastik-kessler-quierschied-de.mws-dev.de\/wp-content\/uploads\/2024\/03\/Cartoon_1-1024x1024.jpg\" alt=\"\" class=\"wp-image-545\" srcset=\"https:\/\/krankengymnastik-kessler-quierschied-de.mws-dev.de\/wp-content\/uploads\/2024\/03\/Cartoon_1-1024x1024.jpg 1024w, https:\/\/krankengymnastik-kessler-quierschied-de.mws-dev.de\/wp-content\/uploads\/2024\/03\/Cartoon_1-300x300.jpg 300w, https:\/\/krankengymnastik-kessler-quierschied-de.mws-dev.de\/wp-content\/uploads\/2024\/03\/Cartoon_1-150x150.jpg 150w, https:\/\/krankengymnastik-kessler-quierschied-de.mws-dev.de\/wp-content\/uploads\/2024\/03\/Cartoon_1-768x768.jpg 768w, https:\/\/krankengymnastik-kessler-quierschied-de.mws-dev.de\/wp-content\/uploads\/2024\/03\/Cartoon_1-1536x1536.jpg 1536w, https:\/\/krankengymnastik-kessler-quierschied-de.mws-dev.de\/wp-content\/uploads\/2024\/03\/Cartoon_1.jpg 1773w\" sizes=\"auto, (max-width: 1024px) 100vw, 1024px\" \/><\/figure>\n<\/div>\n<\/div>\n<\/div>\n\n\n\n<div class=\"wp-block-group has-color-2-background-color has-background has-global-padding is-layout-constrained wp-block-group-is-layout-constrained\">\n<figure class=\"wp-block-image alignfull size-full\"><img decoding=\"async\" src=\"https:\/\/krankengymnastik-kessler-quierschied-de.mws-dev.de\/wp-content\/uploads\/2024\/01\/layer-header-cover.svg\" alt=\"\" class=\"wp-image-310\"\/><\/figure>\n\n\n\n<div class=\"wp-block-columns alignwide animated fadeIn duration1 eds-on-scroll is-layout-flex wp-container-core-columns-is-layout-96d6efca wp-block-columns-is-layout-flex\" style=\"padding-top:0;padding-right:0;padding-bottom:0;padding-left:0\">\n<div class=\"wp-block-column has-link-color wp-elements-7e7a3a16708d4e1efa33b1523ec3b304 is-layout-flow wp-block-column-is-layout-flow\">\n<figure class=\"wp-block-image size-large round-pictures\"><img loading=\"lazy\" decoding=\"async\" width=\"1024\" height=\"682\" src=\"https:\/\/krankengymnastik-kessler-quierschied-de.mws-dev.de\/wp-content\/uploads\/2024\/03\/LOV_0631-1024x682.jpg\" alt=\"\" class=\"wp-image-570\" style=\"aspect-ratio:1;object-fit:cover\" srcset=\"https:\/\/krankengymnastik-kessler-quierschied-de.mws-dev.de\/wp-content\/uploads\/2024\/03\/LOV_0631-1024x682.jpg 1024w, https:\/\/krankengymnastik-kessler-quierschied-de.mws-dev.de\/wp-content\/uploads\/2024\/03\/LOV_0631-300x200.jpg 300w, https:\/\/krankengymnastik-kessler-quierschied-de.mws-dev.de\/wp-content\/uploads\/2024\/03\/LOV_0631-768x512.jpg 768w, https:\/\/krankengymnastik-kessler-quierschied-de.mws-dev.de\/wp-content\/uploads\/2024\/03\/LOV_0631.jpg 1280w\" sizes=\"auto, (max-width: 1024px) 100vw, 1024px\" \/><figcaption class=\"wp-element-caption\"><a href=\"https:\/\/krankengymnastik-kessler-quierschied-de.mws-dev.de\/index.php\/leistungen\" data-type=\"link\" data-id=\"https:\/\/krankengymnastik-kessler-quierschied-de.mws-dev.de\/index.php\/leistungen\">Leistungen<\/a><\/figcaption><\/figure>\n<\/div>\n\n\n\n<div class=\"wp-block-column has-link-color wp-elements-bde62e254ce285e54c51e9f9ec4be8c2 is-layout-flow wp-block-column-is-layout-flow\">\n<figure class=\"wp-block-image size-full round-pictures\"><img loading=\"lazy\" decoding=\"async\" width=\"1000\" height=\"1000\" src=\"https:\/\/krankengymnastik-kessler-quierschied-de.mws-dev.de\/wp-content\/uploads\/2024\/09\/start-gruppenbild-quartratisch-neu.jpg\" alt=\"\" class=\"wp-image-624\" style=\"aspect-ratio:1;object-fit:cover\" srcset=\"https:\/\/krankengymnastik-kessler-quierschied-de.mws-dev.de\/wp-content\/uploads\/2024\/09\/start-gruppenbild-quartratisch-neu.jpg 1000w, https:\/\/krankengymnastik-kessler-quierschied-de.mws-dev.de\/wp-content\/uploads\/2024\/09\/start-gruppenbild-quartratisch-neu-300x300.jpg 300w, https:\/\/krankengymnastik-kessler-quierschied-de.mws-dev.de\/wp-content\/uploads\/2024\/09\/start-gruppenbild-quartratisch-neu-150x150.jpg 150w, https:\/\/krankengymnastik-kessler-quierschied-de.mws-dev.de\/wp-content\/uploads\/2024\/09\/start-gruppenbild-quartratisch-neu-768x768.jpg 768w\" sizes=\"auto, (max-width: 1000px) 100vw, 1000px\" \/><figcaption class=\"wp-element-caption\"><a href=\"https:\/\/krankengymnastik-kessler-quierschied-de.mws-dev.de\/index.php\/ueber-uns\/\" data-type=\"page\" data-id=\"31\">\u00dcber Uns<\/a><\/figcaption><\/figure>\n<\/div>\n\n\n\n<div class=\"wp-block-column has-link-color wp-elements-5b7b4d887a1e645cb5aa1c0fdec2952c is-layout-flow wp-block-column-is-layout-flow\">\n<figure class=\"wp-block-image size-full round-pictures\"><img loading=\"lazy\" decoding=\"async\" width=\"2560\" height=\"1920\" src=\"https:\/\/krankengymnastik-kessler-quierschied-de.mws-dev.de\/wp-content\/uploads\/2024\/03\/Cora-Telefon-scaled.jpg\" alt=\"\" class=\"wp-image-508\" style=\"aspect-ratio:1;object-fit:cover\" srcset=\"https:\/\/krankengymnastik-kessler-quierschied-de.mws-dev.de\/wp-content\/uploads\/2024\/03\/Cora-Telefon-scaled.jpg 2560w, https:\/\/krankengymnastik-kessler-quierschied-de.mws-dev.de\/wp-content\/uploads\/2024\/03\/Cora-Telefon-300x225.jpg 300w, https:\/\/krankengymnastik-kessler-quierschied-de.mws-dev.de\/wp-content\/uploads\/2024\/03\/Cora-Telefon-1024x768.jpg 1024w, https:\/\/krankengymnastik-kessler-quierschied-de.mws-dev.de\/wp-content\/uploads\/2024\/03\/Cora-Telefon-768x576.jpg 768w, https:\/\/krankengymnastik-kessler-quierschied-de.mws-dev.de\/wp-content\/uploads\/2024\/03\/Cora-Telefon-1536x1152.jpg 1536w, https:\/\/krankengymnastik-kessler-quierschied-de.mws-dev.de\/wp-content\/uploads\/2024\/03\/Cora-Telefon-2048x1536.jpg 2048w\" sizes=\"auto, (max-width: 2560px) 100vw, 2560px\" \/><figcaption class=\"wp-element-caption\"><a href=\"https:\/\/krankengymnastik-kessler-quierschied-de.mws-dev.de\/index.php\/kontakt\/\" data-type=\"page\" data-id=\"61\">Kontakt<\/a><\/figcaption><\/figure>\n<\/div>\n<\/div>\n\n\n\n<figure class=\"wp-block-image alignfull size-full\"><img decoding=\"async\" src=\"https:\/\/krankengymnastik-kessler-quierschied-de.mws-dev.de\/wp-content\/uploads\/2024\/01\/layer-header-cover-bottom.svg\" alt=\"\" class=\"wp-image-313\"\/><\/figure>\n<\/div>\n\n\n\n<div class=\"wp-block-group animated fadeIn duration1 eds-on-scroll has-secondary-color has-color-2-background-color has-text-color has-background has-link-color wp-elements-60d767af5f98b6afd796190fdc6d31d4 has-global-padding is-layout-constrained wp-container-core-group-is-layout-4517bf3a wp-block-group-is-layout-constrained\" style=\"margin-bottom:0;padding-top:0;padding-right:0;padding-bottom:0;padding-left:0\">\n<div class=\"wp-block-group alignfull has-secondary-background-color has-background has-global-padding is-layout-constrained wp-block-group-is-layout-constrained\">\n<div class=\"wp-block-columns alignwide has-primary-color has-secondary-background-color has-text-color has-background has-link-color wp-elements-53079784190538252fb81861754f28fd is-layout-flex wp-container-core-columns-is-layout-bf69203b wp-block-columns-is-layout-flex\" style=\"margin-top:0;margin-bottom:0;padding-right:var(--wp--preset--spacing--30);padding-left:var(--wp--preset--spacing--30)\">\n<div class=\"wp-block-column is-vertically-aligned-center is-layout-flow wp-block-column-is-layout-flow\">\n<figure class=\"wp-block-image aligncenter size-large round-pictures\"><img loading=\"lazy\" decoding=\"async\" width=\"1024\" height=\"576\" src=\"https:\/\/krankengymnastik-kessler-quierschied-de.mws-dev.de\/wp-content\/uploads\/2024\/01\/Physio-Quierschied-2-2_01-1024x576.jpg\" alt=\"\" class=\"wp-image-246\" srcset=\"https:\/\/krankengymnastik-kessler-quierschied-de.mws-dev.de\/wp-content\/uploads\/2024\/01\/Physio-Quierschied-2-2_01-1024x576.jpg 1024w, https:\/\/krankengymnastik-kessler-quierschied-de.mws-dev.de\/wp-content\/uploads\/2024\/01\/Physio-Quierschied-2-2_01-300x169.jpg 300w, https:\/\/krankengymnastik-kessler-quierschied-de.mws-dev.de\/wp-content\/uploads\/2024\/01\/Physio-Quierschied-2-2_01-768x432.jpg 768w, https:\/\/krankengymnastik-kessler-quierschied-de.mws-dev.de\/wp-content\/uploads\/2024\/01\/Physio-Quierschied-2-2_01-1536x864.jpg 1536w, https:\/\/krankengymnastik-kessler-quierschied-de.mws-dev.de\/wp-content\/uploads\/2024\/01\/Physio-Quierschied-2-2_01-2048x1152.jpg 2048w\" sizes=\"auto, (max-width: 1024px) 100vw, 1024px\" \/><\/figure>\n<\/div>\n\n\n\n<div class=\"wp-block-column is-layout-flow wp-block-column-is-layout-flow\">\n<h2 class=\"wp-block-heading has-text-align-left\" style=\"font-style:normal;font-weight:400\"><strong>Seit 1999 f\u00fcr Sie da:<\/strong><br>unsere Praxis im Haus der Gesundheit<\/h2>\n\n\n\n<hr class=\"wp-block-separator has-alpha-channel-opacity is-style-dots\"\/>\n\n\n\n<p>Profitieren Sie von mehr als 25 Jahren Praxiserfahrung und wenden Sie sich an uns, wenn Sie auf der Suche nach einem erfahrenen Physiotherapeuten sind. Sie finden uns im Haus der Gesundheit.<\/p>\n\n\n\n<p><strong>Was Sie bei uns erwartet?<\/strong><\/p>\n\n\n\n<ul class=\"wp-block-list\">\n<li>Ausreichend kostenfreie&nbsp;<strong>Parkpl\u00e4tze<\/strong>&nbsp;in direkter Umgebung<\/li>\n\n\n\n<li>Barrierefreier Eingang<\/li>\n\n\n\n<li><strong>Kinderspielecke:<\/strong>&nbsp;Auch Ihre Kleinen sind bei uns immer herzlich willkommen!<\/li>\n\n\n\n<li><strong>Hausbesuche:<\/strong>&nbsp;Hausbesuche (auf \u00e4rztliche Anordnung)<\/li>\n<\/ul>\n\n\n\n<p><strong>Wir freuen uns auf Sie!<\/strong><br>Ihre Svenja Ke\u00dfler &amp; Team<\/p>\n<\/div>\n<\/div>\n<\/div>\n<\/div>\n","protected":false},"excerpt":{"rendered":"<p>Mehr Vitalit\u00e4t,mehr Lebensqualit\u00e4t! Ein zufriedenes Leben zu f\u00fchren, hei\u00dft vor allem: Ein Leben voller Beweglichkeit. Ziel ist hierbei immer die Wiederherstellung der k\u00f6rperlichen Funktionen auf der einen Seite und die Pr\u00e4vention auf der anderen Seite. JETZT TERMIN VEREINBAREN Seit 1999 f\u00fcr Sie da:unsere Praxis im Haus der Gesundheit Profitieren Sie von mehr als 25 Jahren [&hellip;]<\/p>\n","protected":false},"author":1,"featured_media":498,"parent":0,"menu_order":0,"comment_status":"closed","ping_status":"closed","template":"","meta":{"footnotes":""},"class_list":["post-346","page","type-page","status-publish","has-post-thumbnail","hentry"],"_links":{"self":[{"href":"https:\/\/krankengymnastik-kessler-quierschied-de.mws-dev.de\/index.php\/wp-json\/wp\/v2\/pages\/346","targetHints":{"allow":["GET"]}}],"collection":[{"href":"https:\/\/krankengymnastik-kessler-quierschied-de.mws-dev.de\/index.php\/wp-json\/wp\/v2\/pages"}],"about":[{"href":"https:\/\/krankengymnastik-kessler-quierschied-de.mws-dev.de\/index.php\/wp-json\/wp\/v2\/types\/page"}],"author":[{"embeddable":true,"href":"https:\/\/krankengymnastik-kessler-quierschied-de.mws-dev.de\/index.php\/wp-json\/wp\/v2\/users\/1"}],"replies":[{"embeddable":true,"href":"https:\/\/krankengymnastik-kessler-quierschied-de.mws-dev.de\/index.php\/wp-json\/wp\/v2\/comments?post=346"}],"version-history":[{"count":59,"href":"https:\/\/krankengymnastik-kessler-quierschied-de.mws-dev.de\/index.php\/wp-json\/wp\/v2\/pages\/346\/revisions"}],"predecessor-version":[{"id":625,"href":"https:\/\/krankengymnastik-kessler-quierschied-de.mws-dev.de\/index.php\/wp-json\/wp\/v2\/pages\/346\/revisions\/625"}],"wp:featuredmedia":[{"embeddable":true,"href":"https:\/\/krankengymnastik-kessler-quierschied-de.mws-dev.de\/index.php\/wp-json\/wp\/v2\/media\/498"}],"wp:attachment":[{"href":"https:\/\/krankengymnastik-kessler-quierschied-de.mws-dev.de\/index.php\/wp-json\/wp\/v2\/media?parent=346"}],"curies":[{"name":"wp","href":"https:\/\/api.w.org\/{rel}","templated":true}]}}