{"id":536,"date":"2024-03-06T12:38:52","date_gmt":"2024-03-06T12:38:52","guid":{"rendered":"https:\/\/krankengymnastik-kessler-quierschied-de.mws-dev.de\/?page_id=536"},"modified":"2024-03-07T14:09:33","modified_gmt":"2024-03-07T14:09:33","slug":"leistungen","status":"publish","type":"page","link":"https:\/\/krankengymnastik-kessler-quierschied-de.mws-dev.de\/index.php\/leistungen\/","title":{"rendered":"Leistungen"},"content":{"rendered":"\n<div class=\"wp-block-group alignwide animated fadeIn duration1 eds-on-scroll has-global-padding is-layout-constrained wp-container-core-group-is-layout-301020a0 wp-block-group-is-layout-constrained\" style=\"padding-top:var(--wp--preset--spacing--50);padding-right:var(--wp--preset--spacing--50);padding-bottom:var(--wp--preset--spacing--50);padding-left:var(--wp--preset--spacing--50)\">\n<h2 class=\"wp-block-heading alignwide has-text-align-center\" style=\"font-style:normal;font-weight:400\"><strong>Fit und mobil dank Physiotherapie<\/strong><br>\u2013 unser Behandlungsangebot<\/h2>\n\n\n\n<figure class=\"wp-block-image aligncenter size-medium\"><img loading=\"lazy\" decoding=\"async\" width=\"300\" height=\"71\" src=\"https:\/\/krankengymnastik-kessler-quierschied-de.mws-dev.de\/wp-content\/uploads\/2024\/01\/trennlinie-300x71.png\" alt=\"\" class=\"wp-image-378\" srcset=\"https:\/\/krankengymnastik-kessler-quierschied-de.mws-dev.de\/wp-content\/uploads\/2024\/01\/trennlinie-300x71.png 300w, https:\/\/krankengymnastik-kessler-quierschied-de.mws-dev.de\/wp-content\/uploads\/2024\/01\/trennlinie.png 528w\" sizes=\"auto, (max-width: 300px) 100vw, 300px\" \/><\/figure>\n\n\n\n<p class=\"has-text-align-center\">Wie bei anderen konservativen Therapien auch hat die Mitarbeit des Patienten einen enormen Einfluss auf den Behandlungserfolg. <\/p>\n\n\n\n<p class=\"has-text-align-center\">Die Aufgabe als Physiotherapeut ist daher neben der Ausf\u00fchrung manueller Techniken, vor allem auch die Anleitung verschiedener \u00dcbungen \u201ef\u00fcr zu Hause\u201c.&nbsp;<\/p>\n\n\n\n<div class=\"wp-block-columns is-layout-flex wp-container-core-columns-is-layout-28f84493 wp-block-columns-is-layout-flex\">\n<div class=\"wp-block-column is-layout-flow wp-block-column-is-layout-flow\">\n<h2 class=\"wp-block-heading\">Kassenleistungen<\/h2>\n\n\n\n<ul class=\"has-primary-color has-text-color has-link-color wp-block-list wp-elements-3c6346e05a92285d501f8ea440fe3e92\">\n<li><a href=\"#physio\">Physiotherapie<\/a><\/li>\n\n\n\n<li><a href=\"#manuelle\">Mauelle Therapie<\/a><\/li>\n\n\n\n<li><a href=\"#bobath\">Behandlung nach dem Bobath-Konzept<\/a><\/li>\n\n\n\n<li><a href=\"#pnf\">PNF<\/a><\/li>\n\n\n\n<li><a href=\"#kgt\">Kiefergelenkstherapie<\/a><\/li>\n\n\n\n<li><a href=\"#atem\">Atemtherapie<\/a><\/li>\n\n\n\n<li><a href=\"#mld\">Manuelle Lymphdrainage<\/a><\/li>\n\n\n\n<li><a href=\"#massage\">Massage<\/a><\/li>\n\n\n\n<li><a href=\"#thermo\">Thermotherapie (W\u00e4rmetherapie)<\/a><\/li>\n<\/ul>\n<\/div>\n\n\n\n<div class=\"wp-block-column is-layout-flow wp-block-column-is-layout-flow\">\n<h2 class=\"wp-block-heading\">Selbstzahlerleistungen<\/h2>\n\n\n\n<ul class=\"has-primary-color has-text-color has-link-color wp-block-list wp-elements-a1a17870e8c46727a02b491f7dd4a530\">\n<li>Teilmassage (20 Minuten)<\/li>\n\n\n\n<li>Ganzk\u00f6rpermassage (30 Minuten)<\/li>\n\n\n\n<li><a href=\"#fango\">Fango<\/a><\/li>\n\n\n\n<li><a href=\"#luft\">Hei\u00dfluft<\/a><\/li>\n\n\n\n<li><a href=\"#kinesio\">Kinesio-Tape<\/a><\/li>\n<\/ul>\n\n\n\n<p>Alle Selbstzahlerleistungen auch als 10er Karte verf\u00fcgbar.<\/p>\n\n\n\n<p>Alle Preise erfahren Sie auf <a href=\"https:\/\/krankengymnastik-kessler-quierschied-de.mws-dev.de\/index.php\/kontakt\/\" data-type=\"page\" data-id=\"61\">Anfrage<\/a> in unserer Praxis.<\/p>\n<\/div>\n<\/div>\n<\/div>\n\n\n\n<div class=\"wp-block-group alignfull animated fadeIn duration1 eds-on-scroll has-secondary-color has-color-2-background-color has-text-color has-background has-link-color wp-elements-85e86d760db39825b61aeaee3beb0c19 has-global-padding is-layout-constrained wp-container-core-group-is-layout-254f1302 wp-block-group-is-layout-constrained\" style=\"padding-top:0;padding-right:0;padding-bottom:0;padding-left:0\">\n<figure class=\"wp-block-image alignfull size-full\"><img decoding=\"async\" src=\"https:\/\/krankengymnastik-kessler-quierschied-de.mws-dev.de\/wp-content\/uploads\/2024\/01\/layer-header-cover.svg\" alt=\"\" class=\"wp-image-310\"\/><\/figure>\n\n\n\n<div class=\"wp-block-columns alignwide is-layout-flex wp-container-core-columns-is-layout-28f84493 wp-block-columns-is-layout-flex\">\n<div class=\"wp-block-column is-layout-flow wp-block-column-is-layout-flow\">\n<h3 class=\"wp-block-heading\" id=\"physio\" style=\"padding-top:0;padding-right:var(--wp--preset--spacing--30);padding-bottom:0;padding-left:var(--wp--preset--spacing--30);font-size:clamp(1.039rem, 1.039rem + ((1vw - 0.2rem) * 0.831), 1.6rem);\">Physiotherapie<\/h3>\n\n\n\n<ul class=\"wp-block-list\">\n<li>Die Physiotherapie setzt sich aus den physiotherapeutischen Verfahren der Bewegungstherapie und der physikalischen Therapie zusammen. Als nat\u00fcrliches Heilverfahren werden hierbei neben der passiven (durch den Physiotherapeuten gef\u00fchrten) und aktiven (durch den Patienten selbst ausgef\u00fchrten) Bewegung auch physikalische Ma\u00dfnahmen eingesetzt. Die Physiotherapie wird im Rahmen von Pr\u00e4vention, Therapie und Rehabilitation angewendet und ist eine sinnvolle Erg\u00e4nzung zur operativen oder medikament\u00f6sen Therapie.<\/li>\n<\/ul>\n<\/div>\n\n\n\n<div class=\"wp-block-column is-layout-flow wp-block-column-is-layout-flow\">\n<h3 class=\"wp-block-heading\" id=\"manuelle\" style=\"padding-top:0;padding-right:var(--wp--preset--spacing--30);padding-bottom:0;padding-left:var(--wp--preset--spacing--30);font-size:clamp(1.039rem, 1.039rem + ((1vw - 0.2rem) * 0.831), 1.6rem);\">Manuelle Lymphdrainage<\/h3>\n\n\n\n<ul class=\"wp-block-list\">\n<li>Ziel der Manuellen Lymphdrainage ist die Unterst\u00fctzung der reduzierten Pumpfunktion des Gef\u00e4\u00dfsystems und somit die Entstauung von geschwollenem Gewebe (in der Regel an Armen und Beinen). Mit speziellen Handgriffen, beispielsweise rhythmischen kreisenden und pumpenden Bewegungen der Handfl\u00e4chen, wird die angestaute Fl\u00fcssigkeit in Richtung der entsprechenden Lymphknotenstation abtransportiert. So kann das Gewebe abschwellen, Schmerzen werden gelindert und das Gewebe wird weicher und lockerer.<\/li>\n<\/ul>\n<\/div>\n<\/div>\n\n\n\n<div class=\"wp-block-columns alignwide is-layout-flex wp-container-core-columns-is-layout-28f84493 wp-block-columns-is-layout-flex\">\n<div class=\"wp-block-column is-layout-flow wp-block-column-is-layout-flow\">\n<h3 class=\"wp-block-heading\" id=\"bobath\" style=\"padding-top:0;padding-right:var(--wp--preset--spacing--30);padding-bottom:0;padding-left:var(--wp--preset--spacing--30);font-size:clamp(1.039rem, 1.039rem + ((1vw - 0.2rem) * 0.831), 1.6rem);\">Behandlung <br>nach dem Bobath-Konzept<\/h3>\n\n\n\n<ul class=\"wp-block-list\">\n<li>Das Bobath-Konzept betrachtet jeden Menschen mit einer Sch\u00e4digung des Nervensystems ganzheitlich und individuell. Im Gegensatz zu anderen Therapiekonzepten gibt es hierbei keine standardisierten \u00dcbungen, vielmehr stehen bei diesem 24-Stunden-Konzept alltagsbezogene therapeutische Aktivit\u00e4ten im Vordergrund, die den Patienten in seinem Tagesablauf begleiten. Angewendet wird das Bobath-Konzept zum Beispiel nach einem Schlaganfall, bei Multipler Sklerose, Morbus Parkinson und anderen neurologischen Erkrankungen.<\/li>\n<\/ul>\n<\/div>\n\n\n\n<div class=\"wp-block-column is-layout-flow wp-block-column-is-layout-flow\">\n<h3 class=\"wp-block-heading\" id=\"pnf\" style=\"padding-top:0;padding-right:var(--wp--preset--spacing--30);padding-bottom:0;padding-left:var(--wp--preset--spacing--30);font-size:clamp(1.039rem, 1.039rem + ((1vw - 0.2rem) * 0.831), 1.6rem);\">PNF <br>(Propriozeptive Neuromuskul\u00e4re Fazilitation)<\/h3>\n\n\n\n<ul class=\"wp-block-list\">\n<li>Die Krankengymnastik nach PNF  dient der Bahnung von Bewegungen \u00fcber die funktionelle Einheit von Nerv und Muskel. Die Bahnung l\u00e4sst sich \u00fcber exterozeptive Reize (z.B. Haut, Auge, Geh\u00f6r etc.) und propriozeptive Reize (z.B. \u00fcber den Bewegungsapparat etc.) stimulieren.<br>Ziel der PNF-Behandlungsmethode ist die Koordinierung physiologischer, d.h. alltagsgerechter Bewegungsabl\u00e4ufe, der Abbau pathologischer Bewegungsmuster, die Normalisierung des Muskeltonus, die Muskelkr\u00e4ftigung und Muskeldehnung. <br><\/li>\n<\/ul>\n<\/div>\n<\/div>\n\n\n\n<div class=\"wp-block-columns alignwide is-layout-flex wp-container-core-columns-is-layout-28f84493 wp-block-columns-is-layout-flex\">\n<div class=\"wp-block-column is-layout-flow wp-block-column-is-layout-flow\">\n<h3 class=\"wp-block-heading\" id=\"kgt\" style=\"padding-top:0;padding-right:var(--wp--preset--spacing--30);padding-bottom:0;padding-left:var(--wp--preset--spacing--30);font-size:clamp(1.039rem, 1.039rem + ((1vw - 0.2rem) * 0.831), 1.6rem);\">Kiefergelenkstherapie<\/h3>\n\n\n\n<ul class=\"wp-block-list\">\n<li>Im Rahmen der Kiefergelenkstherapie arbeitet der Physiotherapeut direkt am betroffenen Kiefergelenk und der umgebenden Muskulatur. Dabei werden vorsichtig Blockaden gelockert und Muskelverspannungen rund um das Kiefergelenk gel\u00f6st. Die Kiefergelenkstherapie kommt insbesondere bei Craniomandibul\u00e4rer Disfunktion (CMD) zum Einsatz, Symptome hierf\u00fcr sind etwa chronische Kopf- \/ Nackenschmerzen oder Z\u00e4hneknirschen.<br><\/li>\n<\/ul>\n<\/div>\n\n\n\n<div class=\"wp-block-column is-layout-flow wp-block-column-is-layout-flow\">\n<h3 class=\"wp-block-heading\" id=\"atem\" style=\"padding-top:0;padding-right:var(--wp--preset--spacing--30);padding-bottom:0;padding-left:var(--wp--preset--spacing--30);font-size:clamp(1.039rem, 1.039rem + ((1vw - 0.2rem) * 0.831), 1.6rem);\">Atemtherapie<\/h3>\n\n\n\n<ul class=\"wp-block-list\">\n<li>Die Atemtherapie umfasst spezielle Techniken und \u00dcbungen, die die bewusste K\u00f6rperwahrnehmung f\u00f6rdern und dem Patienten die Atmung erleichtern. Angewendet wird die Therapie insbesondere bei chronischen Lungenerkrankungen, wie z. B. Asthma oder COPD, oder zur Nachbehandlung nach einer Covid19-Erkrankung.<br><\/li>\n<\/ul>\n<\/div>\n<\/div>\n\n\n\n<div class=\"wp-block-columns alignwide is-layout-flex wp-container-core-columns-is-layout-28f84493 wp-block-columns-is-layout-flex\">\n<div class=\"wp-block-column is-layout-flow wp-block-column-is-layout-flow\">\n<h3 class=\"wp-block-heading\" id=\"massage\" style=\"padding-top:0;padding-right:var(--wp--preset--spacing--30);padding-bottom:0;padding-left:var(--wp--preset--spacing--30);font-size:clamp(1.039rem, 1.039rem + ((1vw - 0.2rem) * 0.831), 1.6rem);\">Massage<\/h3>\n\n\n\n<ul class=\"wp-block-list\">\n<li>Die Massage ist eine der \u00e4ltesten und bekanntesten Heilmethoden und kann entweder f\u00fcr sich stehen oder in Kombination mit anderen Therapieformen eingesetzt werden. Entspannen Sie zum Beispiel bei einer wohltuenden Ganzk\u00f6rper- oder Teil-Massage! Ob von Kopf bis Fu\u00df oder nur einzelne Bereiche \u2013 Art und Umfang der Massagebehandlungen richten sich ganz nach Ihren Bed\u00fcrfnissen.<\/li>\n<\/ul>\n<\/div>\n\n\n\n<div class=\"wp-block-column is-layout-flow wp-block-column-is-layout-flow\">\n<h3 class=\"wp-block-heading\" id=\"mld\" style=\"padding-top:0;padding-right:var(--wp--preset--spacing--30);padding-bottom:0;padding-left:var(--wp--preset--spacing--30);font-size:clamp(1.039rem, 1.039rem + ((1vw - 0.2rem) * 0.831), 1.6rem);\">Manuelle Lymphdrainage<\/h3>\n\n\n\n<ul class=\"wp-block-list\">\n<li>Ziel der Manuellen Lymphdrainage ist die Unterst\u00fctzung der reduzierten Pumpfunktion des Gef\u00e4\u00dfsystems und somit die Entstauung von geschwollenem Gewebe (in der Regel an Armen und Beinen). Mit speziellen Handgriffen, beispielsweise rhythmischen kreisenden und pumpenden Bewegungen der Handfl\u00e4chen, wird die angestaute Fl\u00fcssigkeit in Richtung der entsprechenden Lymphknotenstation abtransportiert. So kann das Gewebe abschwellen, Schmerzen werden gelindert und das Gewebe wird weicher und lockerer.<br><\/li>\n<\/ul>\n<\/div>\n<\/div>\n\n\n\n<div class=\"wp-block-columns alignwide is-layout-flex wp-container-core-columns-is-layout-28f84493 wp-block-columns-is-layout-flex\">\n<div class=\"wp-block-column is-layout-flow wp-block-column-is-layout-flow\">\n<h3 class=\"wp-block-heading\" id=\"thermo\" style=\"padding-top:0;padding-right:var(--wp--preset--spacing--30);padding-bottom:0;padding-left:var(--wp--preset--spacing--30);font-size:clamp(1.039rem, 1.039rem + ((1vw - 0.2rem) * 0.831), 1.6rem);\">Thermotherapie (W\u00e4rmetherapie)<\/h3>\n\n\n\n<ul class=\"wp-block-list\">\n<li>Die W\u00e4rmetherapie (Hei\u00dfluft, Naturmoorfango) wirkt durchblutungsf\u00f6rdernd, muskelentspannend und schmerzlindernd. <br><\/li>\n<\/ul>\n<\/div>\n\n\n\n<div class=\"wp-block-column is-layout-flow wp-block-column-is-layout-flow\">\n<h3 class=\"wp-block-heading\" id=\"fango\" style=\"padding-top:0;padding-right:var(--wp--preset--spacing--30);padding-bottom:0;padding-left:var(--wp--preset--spacing--30);font-size:clamp(1.039rem, 1.039rem + ((1vw - 0.2rem) * 0.831), 1.6rem);\">Naturmoorfango<\/h3>\n\n\n\n<ul class=\"wp-block-list\">\n<li>Die W\u00e4rme bei der Naturmoorpackung entfaltet sich indirekt durch einen W\u00e4rmetr\u00e4ger, der thermostatisch gesteuert wird. Dabei betr\u00e4gt die Behandlungstemperatur ca. 50\u00b0C. Die feuchte W\u00e4rme und die Wirkstoffe dringen dabei tief ins Gewebe ein und sorgen f\u00fcr eine langanhaltende entspannende Wirkung.<\/li>\n<\/ul>\n<\/div>\n<\/div>\n\n\n\n<div class=\"wp-block-columns alignwide is-layout-flex wp-container-core-columns-is-layout-28f84493 wp-block-columns-is-layout-flex\">\n<div class=\"wp-block-column is-layout-flow wp-block-column-is-layout-flow\">\n<h3 class=\"wp-block-heading\" id=\"luft\" style=\"padding-top:0;padding-right:var(--wp--preset--spacing--30);padding-bottom:0;padding-left:var(--wp--preset--spacing--30);font-size:clamp(1.039rem, 1.039rem + ((1vw - 0.2rem) * 0.831), 1.6rem);\">Hei\u00dfluft<\/h3>\n\n\n\n<ul class=\"wp-block-list\">\n<li>Bei Hei\u00dfluft oder auch Rotlicht erfolgt die W\u00e4rmezufuhr \u00fcber trockene W\u00e4rme. Die eignet sich besonders gut f\u00fcr Patienten, welche die Intensit\u00e4t individueller regulieren m\u00f6chten. Dies kann \u00fcber das Zu- und Abschalten einzelner Lampen oder \u00fcber den Abstand eingestellt werden.<\/li>\n<\/ul>\n<\/div>\n\n\n\n<div class=\"wp-block-column is-layout-flow wp-block-column-is-layout-flow\">\n<h3 class=\"wp-block-heading\" id=\"kinesio\" style=\"padding-top:0;padding-right:var(--wp--preset--spacing--30);padding-bottom:0;padding-left:var(--wp--preset--spacing--30);font-size:clamp(1.039rem, 1.039rem + ((1vw - 0.2rem) * 0.831), 1.6rem);\">Kinesio-Tape<\/h3>\n\n\n\n<ul class=\"wp-block-list\">\n<li>Kinesio-Tape ist ein elastisches therapeutisches Band, das zur Unterst\u00fctzung von Muskeln und Gelenken verwendet wird und Schmerzen lindert, ohne die Beweglichkeit einzuschr\u00e4nken. Es wird h\u00e4ufig im Sport und in der Physiotherapie eingesetzt.<\/li>\n<\/ul>\n<\/div>\n<\/div>\n\n\n\n<figure class=\"wp-block-image alignfull size-full\"><img decoding=\"async\" src=\"https:\/\/krankengymnastik-kessler-quierschied-de.mws-dev.de\/wp-content\/uploads\/2024\/01\/layer-header-cover-bottom.svg\" alt=\"\" class=\"wp-image-313\"\/><\/figure>\n<\/div>\n","protected":false},"excerpt":{"rendered":"<p>Fit und mobil dank Physiotherapie\u2013 unser Behandlungsangebot Wie bei anderen konservativen Therapien auch hat die Mitarbeit des Patienten einen enormen Einfluss auf den Behandlungserfolg. Die Aufgabe als Physiotherapeut ist daher neben der Ausf\u00fchrung manueller Techniken, vor allem auch die Anleitung verschiedener \u00dcbungen \u201ef\u00fcr zu Hause\u201c.&nbsp; Kassenleistungen Selbstzahlerleistungen Alle Selbstzahlerleistungen auch als 10er Karte verf\u00fcgbar. Alle [&hellip;]<\/p>\n","protected":false},"author":1,"featured_media":570,"parent":0,"menu_order":0,"comment_status":"closed","ping_status":"closed","template":"","meta":{"footnotes":""},"class_list":["post-536","page","type-page","status-publish","has-post-thumbnail","hentry"],"_links":{"self":[{"href":"https:\/\/krankengymnastik-kessler-quierschied-de.mws-dev.de\/index.php\/wp-json\/wp\/v2\/pages\/536","targetHints":{"allow":["GET"]}}],"collection":[{"href":"https:\/\/krankengymnastik-kessler-quierschied-de.mws-dev.de\/index.php\/wp-json\/wp\/v2\/pages"}],"about":[{"href":"https:\/\/krankengymnastik-kessler-quierschied-de.mws-dev.de\/index.php\/wp-json\/wp\/v2\/types\/page"}],"author":[{"embeddable":true,"href":"https:\/\/krankengymnastik-kessler-quierschied-de.mws-dev.de\/index.php\/wp-json\/wp\/v2\/users\/1"}],"replies":[{"embeddable":true,"href":"https:\/\/krankengymnastik-kessler-quierschied-de.mws-dev.de\/index.php\/wp-json\/wp\/v2\/comments?post=536"}],"version-history":[{"count":32,"href":"https:\/\/krankengymnastik-kessler-quierschied-de.mws-dev.de\/index.php\/wp-json\/wp\/v2\/pages\/536\/revisions"}],"predecessor-version":[{"id":623,"href":"https:\/\/krankengymnastik-kessler-quierschied-de.mws-dev.de\/index.php\/wp-json\/wp\/v2\/pages\/536\/revisions\/623"}],"wp:featuredmedia":[{"embeddable":true,"href":"https:\/\/krankengymnastik-kessler-quierschied-de.mws-dev.de\/index.php\/wp-json\/wp\/v2\/media\/570"}],"wp:attachment":[{"href":"https:\/\/krankengymnastik-kessler-quierschied-de.mws-dev.de\/index.php\/wp-json\/wp\/v2\/media?parent=536"}],"curies":[{"name":"wp","href":"https:\/\/api.w.org\/{rel}","templated":true}]}}