{"id":61,"date":"2023-05-10T12:10:54","date_gmt":"2023-05-10T12:10:54","guid":{"rendered":"https:\/\/kessler.mission-webstyle.de\/?page_id=61"},"modified":"2024-03-06T12:21:28","modified_gmt":"2024-03-06T12:21:28","slug":"kontakt","status":"publish","type":"page","link":"https:\/\/krankengymnastik-kessler-quierschied-de.mws-dev.de\/index.php\/kontakt\/","title":{"rendered":"Kontakt"},"content":{"rendered":"\n<div class=\"wp-block-group alignfull animated fadeIn duration1 eds-on-scroll has-global-padding is-layout-constrained wp-container-core-group-is-layout-301020a0 wp-block-group-is-layout-constrained\" style=\"padding-top:var(--wp--preset--spacing--50);padding-right:var(--wp--preset--spacing--50);padding-bottom:var(--wp--preset--spacing--50);padding-left:var(--wp--preset--spacing--50)\">\n<p class=\"has-text-align-center\">Unser Behandlungsspektrum hat Ihr Interesse geweckt?<br>Sie m\u00f6chten sich unverbindlich beraten lassen oder einen Termin in unserer Praxis vereinbaren?<\/p>\n<\/div>\n\n\n\n<div class=\"wp-block-group alignfull animated fadeIn duration1 eds-on-scroll has-secondary-color has-color-2-background-color has-text-color has-background has-link-color wp-elements-585d933d9547a8b352a6562df5c0f180 has-global-padding is-layout-constrained wp-container-core-group-is-layout-254f1302 wp-block-group-is-layout-constrained\" style=\"padding-top:0;padding-right:0;padding-bottom:0;padding-left:0\">\n<figure class=\"wp-block-image alignfull size-full\"><img decoding=\"async\" src=\"https:\/\/krankengymnastik-kessler-quierschied-de.mws-dev.de\/wp-content\/uploads\/2024\/01\/layer-header-cover.svg\" alt=\"\" class=\"wp-image-310\"\/><\/figure>\n\n\n\n<div class=\"wp-block-columns alignwide is-layout-flex wp-container-core-columns-is-layout-1feeb0c0 wp-block-columns-is-layout-flex\" style=\"padding-right:var(--wp--preset--spacing--30);padding-left:var(--wp--preset--spacing--30)\">\n<div class=\"wp-block-column is-vertically-aligned-center is-layout-flow wp-block-column-is-layout-flow\">\n<figure class=\"wp-block-image aligncenter size-full round-pictures\"><img loading=\"lazy\" decoding=\"async\" width=\"2560\" height=\"1920\" src=\"https:\/\/krankengymnastik-kessler-quierschied-de.mws-dev.de\/wp-content\/uploads\/2024\/03\/Cora-Telefon-scaled.jpg\" alt=\"\" class=\"wp-image-508\" srcset=\"https:\/\/krankengymnastik-kessler-quierschied-de.mws-dev.de\/wp-content\/uploads\/2024\/03\/Cora-Telefon-scaled.jpg 2560w, https:\/\/krankengymnastik-kessler-quierschied-de.mws-dev.de\/wp-content\/uploads\/2024\/03\/Cora-Telefon-300x225.jpg 300w, https:\/\/krankengymnastik-kessler-quierschied-de.mws-dev.de\/wp-content\/uploads\/2024\/03\/Cora-Telefon-1024x768.jpg 1024w, https:\/\/krankengymnastik-kessler-quierschied-de.mws-dev.de\/wp-content\/uploads\/2024\/03\/Cora-Telefon-768x576.jpg 768w, https:\/\/krankengymnastik-kessler-quierschied-de.mws-dev.de\/wp-content\/uploads\/2024\/03\/Cora-Telefon-1536x1152.jpg 1536w, https:\/\/krankengymnastik-kessler-quierschied-de.mws-dev.de\/wp-content\/uploads\/2024\/03\/Cora-Telefon-2048x1536.jpg 2048w\" sizes=\"auto, (max-width: 2560px) 100vw, 2560px\" \/><\/figure>\n<\/div>\n\n\n\n<div class=\"wp-block-column is-layout-flow wp-block-column-is-layout-flow\">\n<h2 class=\"wp-block-heading has-text-align-left\">Z\u00f6gern Sie nicht, uns anzusprechen!<\/h2>\n\n\n\n<hr class=\"wp-block-separator has-alpha-channel-opacity is-style-dots\"\/>\n\n\n\n<p>Bitte haben Sie Verst\u00e4ndnis daf\u00fcr, dass wir w\u00e4hrend der Behandlungen ausschlie\u00dflich f\u00fcr unsere Patienten da sind. <\/p>\n\n\n\n<p class=\"has-text-align-left\"><strong>B\u00fcrozeiten<\/strong>: <br><strong>Dienstag 9:00 &#8211; 17:00 Uhr<br>Donnerstag 13:00 &#8211; 17:00 Uhr<\/strong><\/p>\n\n\n\n<p class=\"has-text-align-left\"><strong>Au\u00dferhalb der B\u00fcrozeiten<\/strong> k\u00f6nnen Sie uns eine Nachricht auf dem <strong>Anrufbeantworter<\/strong> hinterlassen. <\/p>\n\n\n\n<p>Alternativ k\u00f6nnen Sie uns gerne eine <strong><a href=\"mailto:praxis@physio-kessler.de\">E-Mail<\/a><\/strong> mit Ihrem Anliegen schicken.<\/p>\n\n\n\n<p><strong>Wir melden uns dann bei Ihnen<\/strong>.<\/p>\n<\/div>\n<\/div>\n\n\n\n<figure class=\"wp-block-image alignfull size-full\"><img decoding=\"async\" src=\"https:\/\/krankengymnastik-kessler-quierschied-de.mws-dev.de\/wp-content\/uploads\/2024\/01\/layer-header-cover-bottom.svg\" alt=\"\" class=\"wp-image-313\"\/><\/figure>\n<\/div>\n\n\n\n<div class=\"wp-block-group animated fadeIn duration1 eds-on-scroll has-global-padding is-layout-constrained wp-block-group-is-layout-constrained\">\n<div class=\"wp-block-columns alignwide is-layout-flex wp-container-core-columns-is-layout-1a2ddb66 wp-block-columns-is-layout-flex\" style=\"padding-right:var(--wp--preset--spacing--30);padding-left:var(--wp--preset--spacing--30)\">\n<div class=\"wp-block-column is-layout-flow wp-block-column-is-layout-flow\">\n<p><strong>Physiotherapie Svenja Ke\u00dfler<\/strong><\/p>\n\n\n\n<p><a href=\"https:\/\/www.google.com\/maps?q=Fischbacher%20Strasse%20100,%2066287%20Quierschied\">Fischbacher Strasse 100<br>66287&nbsp;Quierschied<\/a><\/p>\n\n\n\n<p>Telefon:<br><a href=\"tel:+496897680923\">06897 680 923<\/a><\/p>\n\n\n\n<p>E-Mail:<br><a href=\"mailto:praxis@physio-kessler.de\">praxis@physio-kessler.de<\/a><\/p>\n\n\n\n<p>Inhaber:<br><strong>Svenja Ke\u00dfler<\/strong><\/p>\n<\/div>\n\n\n\n<div class=\"wp-block-column is-layout-flow wp-block-column-is-layout-flow\">\n<div class=\"wp-block-contact-form-7-contact-form-selector\">\n<div class=\"wpcf7 no-js\" id=\"wpcf7-f115-o1\" lang=\"de-DE\" dir=\"ltr\" data-wpcf7-id=\"115\">\n<div class=\"screen-reader-response\"><p role=\"status\" aria-live=\"polite\" aria-atomic=\"true\"><\/p> <ul><\/ul><\/div>\n<form action=\"\/index.php\/wp-json\/wp\/v2\/pages\/61#wpcf7-f115-o1\" method=\"post\" class=\"wpcf7-form init\" aria-label=\"Kontaktformular\" novalidate=\"novalidate\" data-status=\"init\">\n<fieldset class=\"hidden-fields-container\"><input type=\"hidden\" name=\"_wpcf7\" value=\"115\" \/><input type=\"hidden\" name=\"_wpcf7_version\" value=\"6.1.5\" \/><input type=\"hidden\" name=\"_wpcf7_locale\" value=\"de_DE\" \/><input type=\"hidden\" name=\"_wpcf7_unit_tag\" value=\"wpcf7-f115-o1\" \/><input type=\"hidden\" name=\"_wpcf7_container_post\" value=\"0\" \/><input type=\"hidden\" name=\"_wpcf7_posted_data_hash\" value=\"\" \/>\n<\/fieldset>\n<p><label> Name<br \/>\n<span class=\"wpcf7-form-control-wrap\" data-name=\"your-name\"><input size=\"40\" maxlength=\"400\" class=\"wpcf7-form-control wpcf7-text wpcf7-validates-as-required\" autocomplete=\"name\" aria-required=\"true\" aria-invalid=\"false\" value=\"\" type=\"text\" name=\"your-name\" \/><\/span> <\/label>\n<\/p>\n<p><label> E-Mail-Adresse<br \/>\n<span class=\"wpcf7-form-control-wrap\" data-name=\"your-email\"><input size=\"40\" maxlength=\"400\" class=\"wpcf7-form-control wpcf7-email wpcf7-validates-as-required wpcf7-text wpcf7-validates-as-email\" autocomplete=\"email\" aria-required=\"true\" aria-invalid=\"false\" value=\"\" type=\"email\" name=\"your-email\" \/><\/span> <\/label>\n<\/p>\n<p><label> Betreff<br \/>\n<span class=\"wpcf7-form-control-wrap\" data-name=\"your-subject\"><input size=\"40\" maxlength=\"400\" class=\"wpcf7-form-control wpcf7-text wpcf7-validates-as-required\" aria-required=\"true\" aria-invalid=\"false\" value=\"\" type=\"text\" name=\"your-subject\" \/><\/span> <\/label>\n<\/p>\n<p><label> Ihre Nachricht<br \/>\n<span class=\"wpcf7-form-control-wrap\" data-name=\"your-message\"><textarea cols=\"40\" rows=\"10\" maxlength=\"2000\" class=\"wpcf7-form-control wpcf7-textarea wpcf7-validates-as-required\" aria-required=\"true\" aria-invalid=\"false\" name=\"your-message\"><\/textarea><\/span> <\/label>\n<\/p>\n<p><span class=\"wpcf7-form-control-wrap\" data-name=\"acceptance-360\"><span class=\"wpcf7-form-control wpcf7-acceptance\"><span class=\"wpcf7-list-item\"><label><input type=\"checkbox\" name=\"acceptance-360\" value=\"1\" aria-invalid=\"false\" \/><span class=\"wpcf7-list-item-label\">Ich habe die <a href=\"https:\/\/krankengymnastik-kessler-quierschied-de.mws-dev.de\/index.php\/privacy-policy\/\" target=\"_blank\">Datenschutzerkl\u00e4rung<\/a> zur Kenntnis genommen. Ich stimme zu, dass meine Angaben und Daten zur Beantwortung meiner Anfrage elektronisch erhoben und gespeichert werden. Hinweis: Sie k\u00f6nnen Ihre Einwilligung jederzeit f\u00fcr die Zukunft per E-Mail an pt-kessler@gmx.de widerrufen.<\/span><\/label><\/span><\/span><\/span>\n<\/p>\n<p><input class=\"wpcf7-form-control wpcf7-submit has-spinner\" type=\"submit\" value=\"Senden\" \/>\n<\/p><div class=\"wpcf7-response-output\" aria-hidden=\"true\"><\/div>\n<\/form>\n<\/div>\n<\/div>\n<\/div>\n<\/div>\n<\/div>\n","protected":false},"excerpt":{"rendered":"<p>Unser Behandlungsspektrum hat Ihr Interesse geweckt?Sie m\u00f6chten sich unverbindlich beraten lassen oder einen Termin in unserer Praxis vereinbaren? Z\u00f6gern Sie nicht, uns anzusprechen! Bitte haben Sie Verst\u00e4ndnis daf\u00fcr, dass wir w\u00e4hrend der Behandlungen ausschlie\u00dflich f\u00fcr unsere Patienten da sind. B\u00fcrozeiten: Dienstag 9:00 &#8211; 17:00 UhrDonnerstag 13:00 &#8211; 17:00 Uhr Au\u00dferhalb der B\u00fcrozeiten k\u00f6nnen Sie uns [&hellip;]<\/p>\n","protected":false},"author":1,"featured_media":514,"parent":0,"menu_order":0,"comment_status":"closed","ping_status":"closed","template":"","meta":{"footnotes":""},"class_list":["post-61","page","type-page","status-publish","has-post-thumbnail","hentry"],"_links":{"self":[{"href":"https:\/\/krankengymnastik-kessler-quierschied-de.mws-dev.de\/index.php\/wp-json\/wp\/v2\/pages\/61","targetHints":{"allow":["GET"]}}],"collection":[{"href":"https:\/\/krankengymnastik-kessler-quierschied-de.mws-dev.de\/index.php\/wp-json\/wp\/v2\/pages"}],"about":[{"href":"https:\/\/krankengymnastik-kessler-quierschied-de.mws-dev.de\/index.php\/wp-json\/wp\/v2\/types\/page"}],"author":[{"embeddable":true,"href":"https:\/\/krankengymnastik-kessler-quierschied-de.mws-dev.de\/index.php\/wp-json\/wp\/v2\/users\/1"}],"replies":[{"embeddable":true,"href":"https:\/\/krankengymnastik-kessler-quierschied-de.mws-dev.de\/index.php\/wp-json\/wp\/v2\/comments?post=61"}],"version-history":[{"count":23,"href":"https:\/\/krankengymnastik-kessler-quierschied-de.mws-dev.de\/index.php\/wp-json\/wp\/v2\/pages\/61\/revisions"}],"predecessor-version":[{"id":524,"href":"https:\/\/krankengymnastik-kessler-quierschied-de.mws-dev.de\/index.php\/wp-json\/wp\/v2\/pages\/61\/revisions\/524"}],"wp:featuredmedia":[{"embeddable":true,"href":"https:\/\/krankengymnastik-kessler-quierschied-de.mws-dev.de\/index.php\/wp-json\/wp\/v2\/media\/514"}],"wp:attachment":[{"href":"https:\/\/krankengymnastik-kessler-quierschied-de.mws-dev.de\/index.php\/wp-json\/wp\/v2\/media?parent=61"}],"curies":[{"name":"wp","href":"https:\/\/api.w.org\/{rel}","templated":true}]}}